{"id":1353,"date":"2021-09-22T20:44:59","date_gmt":"2021-09-22T20:44:59","guid":{"rendered":"https:\/\/www.kalarelax.com\/web\/?post_type=product&#038;p=1353"},"modified":"2025-02-10T21:39:41","modified_gmt":"2025-02-10T21:39:41","slug":"herradura-de-gel-para-inodoro-ovalado-estandar","status":"publish","type":"product","link":"https:\/\/www.kalarelax.com\/web\/producto\/herradura-de-gel-para-inodoro-ovalado-estandar\/","title":{"rendered":"Herradura de Gel para Inodoro Ovalado Est\u00e1ndar"},"content":{"rendered":"<ul>\n<li><span data-sheets-value=\"{&quot;1&quot;:2,&quot;2&quot;:&quot;Coj\u00edn de gel terapeutico en funda de pvc antimic\u00f3tico. Es suave y fresco en la forma ovalada de un inodoro para brindar comodidad en el sanitario. Es recomendado tambi\u00e9n para personas de movilidad limitada y ancianos para evitar lesiones en su piel sensible. Es ideal para usar en el sanitario port\u00e1til o en sillas de ba\u00f1o.&quot;}\" data-sheets-userformat=\"{&quot;2&quot;:7161,&quot;3&quot;:{&quot;1&quot;:0},&quot;6&quot;:{&quot;1&quot;:[{&quot;1&quot;:2,&quot;2&quot;:0,&quot;5&quot;:{&quot;1&quot;:2,&quot;2&quot;:0}},{&quot;1&quot;:0,&quot;2&quot;:0,&quot;3&quot;:3},{&quot;1&quot;:1,&quot;2&quot;:0,&quot;4&quot;:1}]},&quot;7&quot;:{&quot;1&quot;:[{&quot;1&quot;:2,&quot;2&quot;:0,&quot;5&quot;:{&quot;1&quot;:2,&quot;2&quot;:0}},{&quot;1&quot;:0,&quot;2&quot;:0,&quot;3&quot;:3},{&quot;1&quot;:1,&quot;2&quot;:0,&quot;4&quot;:1}]},&quot;8&quot;:{&quot;1&quot;:[{&quot;1&quot;:2,&quot;2&quot;:0,&quot;5&quot;:{&quot;1&quot;:2,&quot;2&quot;:0}},{&quot;1&quot;:0,&quot;2&quot;:0,&quot;3&quot;:3},{&quot;1&quot;:1,&quot;2&quot;:0,&quot;4&quot;:1}]},&quot;9&quot;:0,&quot;10&quot;:0,&quot;11&quot;:4,&quot;12&quot;:0,&quot;14&quot;:{&quot;1&quot;:2,&quot;2&quot;:0},&quot;15&quot;:&quot;Arial, sans-serif&quot;}\">Coj\u00edn de gel terap\u00e9utico en funda de PVC<\/span><\/li>\n<li><span data-sheets-value=\"{&quot;1&quot;:2,&quot;2&quot;:&quot;Coj\u00edn de gel terapeutico en funda de pvc antimic\u00f3tico. Es suave y fresco en la forma ovalada de un inodoro para brindar comodidad en el sanitario. Es recomendado tambi\u00e9n para personas de movilidad limitada y ancianos para evitar lesiones en su piel sensible. Es ideal para usar en el sanitario port\u00e1til o en sillas de ba\u00f1o.&quot;}\" data-sheets-userformat=\"{&quot;2&quot;:7161,&quot;3&quot;:{&quot;1&quot;:0},&quot;6&quot;:{&quot;1&quot;:[{&quot;1&quot;:2,&quot;2&quot;:0,&quot;5&quot;:{&quot;1&quot;:2,&quot;2&quot;:0}},{&quot;1&quot;:0,&quot;2&quot;:0,&quot;3&quot;:3},{&quot;1&quot;:1,&quot;2&quot;:0,&quot;4&quot;:1}]},&quot;7&quot;:{&quot;1&quot;:[{&quot;1&quot;:2,&quot;2&quot;:0,&quot;5&quot;:{&quot;1&quot;:2,&quot;2&quot;:0}},{&quot;1&quot;:0,&quot;2&quot;:0,&quot;3&quot;:3},{&quot;1&quot;:1,&quot;2&quot;:0,&quot;4&quot;:1}]},&quot;8&quot;:{&quot;1&quot;:[{&quot;1&quot;:2,&quot;2&quot;:0,&quot;5&quot;:{&quot;1&quot;:2,&quot;2&quot;:0}},{&quot;1&quot;:0,&quot;2&quot;:0,&quot;3&quot;:3},{&quot;1&quot;:1,&quot;2&quot;:0,&quot;4&quot;:1}]},&quot;9&quot;:0,&quot;10&quot;:0,&quot;11&quot;:4,&quot;12&quot;:0,&quot;14&quot;:{&quot;1&quot;:2,&quot;2&quot;:0},&quot;15&quot;:&quot;Arial, sans-serif&quot;}\">Suave y fresco en la forma ovalada de un inodoro para brindar comodidad en el sanitario. <\/span><\/li>\n<li><span data-sheets-value=\"{&quot;1&quot;:2,&quot;2&quot;:&quot;Coj\u00edn de gel terapeutico en funda de pvc antimic\u00f3tico. Es suave y fresco en la forma ovalada de un inodoro para brindar comodidad en el sanitario. Es recomendado tambi\u00e9n para personas de movilidad limitada y ancianos para evitar lesiones en su piel sensible. Es ideal para usar en el sanitario port\u00e1til o en sillas de ba\u00f1o.&quot;}\" data-sheets-userformat=\"{&quot;2&quot;:7161,&quot;3&quot;:{&quot;1&quot;:0},&quot;6&quot;:{&quot;1&quot;:[{&quot;1&quot;:2,&quot;2&quot;:0,&quot;5&quot;:{&quot;1&quot;:2,&quot;2&quot;:0}},{&quot;1&quot;:0,&quot;2&quot;:0,&quot;3&quot;:3},{&quot;1&quot;:1,&quot;2&quot;:0,&quot;4&quot;:1}]},&quot;7&quot;:{&quot;1&quot;:[{&quot;1&quot;:2,&quot;2&quot;:0,&quot;5&quot;:{&quot;1&quot;:2,&quot;2&quot;:0}},{&quot;1&quot;:0,&quot;2&quot;:0,&quot;3&quot;:3},{&quot;1&quot;:1,&quot;2&quot;:0,&quot;4&quot;:1}]},&quot;8&quot;:{&quot;1&quot;:[{&quot;1&quot;:2,&quot;2&quot;:0,&quot;5&quot;:{&quot;1&quot;:2,&quot;2&quot;:0}},{&quot;1&quot;:0,&quot;2&quot;:0,&quot;3&quot;:3},{&quot;1&quot;:1,&quot;2&quot;:0,&quot;4&quot;:1}]},&quot;9&quot;:0,&quot;10&quot;:0,&quot;11&quot;:4,&quot;12&quot;:0,&quot;14&quot;:{&quot;1&quot;:2,&quot;2&quot;:0},&quot;15&quot;:&quot;Arial, sans-serif&quot;}\">Recomendado para personas de movilidad limitada y ancianos para evitar lesiones en su piel sensible. <\/span><\/li>\n<li><span data-sheets-value=\"{&quot;1&quot;:2,&quot;2&quot;:&quot;Coj\u00edn de gel terapeutico en funda de pvc antimic\u00f3tico. Es suave y fresco en la forma ovalada de un inodoro para brindar comodidad en el sanitario. Es recomendado tambi\u00e9n para personas de movilidad limitada y ancianos para evitar lesiones en su piel sensible. Es ideal para usar en el sanitario port\u00e1til o en sillas de ba\u00f1o.&quot;}\" data-sheets-userformat=\"{&quot;2&quot;:7161,&quot;3&quot;:{&quot;1&quot;:0},&quot;6&quot;:{&quot;1&quot;:[{&quot;1&quot;:2,&quot;2&quot;:0,&quot;5&quot;:{&quot;1&quot;:2,&quot;2&quot;:0}},{&quot;1&quot;:0,&quot;2&quot;:0,&quot;3&quot;:3},{&quot;1&quot;:1,&quot;2&quot;:0,&quot;4&quot;:1}]},&quot;7&quot;:{&quot;1&quot;:[{&quot;1&quot;:2,&quot;2&quot;:0,&quot;5&quot;:{&quot;1&quot;:2,&quot;2&quot;:0}},{&quot;1&quot;:0,&quot;2&quot;:0,&quot;3&quot;:3},{&quot;1&quot;:1,&quot;2&quot;:0,&quot;4&quot;:1}]},&quot;8&quot;:{&quot;1&quot;:[{&quot;1&quot;:2,&quot;2&quot;:0,&quot;5&quot;:{&quot;1&quot;:2,&quot;2&quot;:0}},{&quot;1&quot;:0,&quot;2&quot;:0,&quot;3&quot;:3},{&quot;1&quot;:1,&quot;2&quot;:0,&quot;4&quot;:1}]},&quot;9&quot;:0,&quot;10&quot;:0,&quot;11&quot;:4,&quot;12&quot;:0,&quot;14&quot;:{&quot;1&quot;:2,&quot;2&quot;:0},&quot;15&quot;:&quot;Arial, sans-serif&quot;}\">Ideal para usar en el sanitario port\u00e1til o en sillas de ba\u00f1o.<\/span><\/li>\n<\/ul>\n","protected":false},"excerpt":{"rendered":"<p>Coj\u00edn de gel terap\u00e9utico en funda de PVC Suave y fresco en la forma ovalada de un inodoro para brindar<\/p>\n","protected":false},"featured_media":1355,"comment_status":"open","ping_status":"closed","template":"","meta":[],"product_cat":[138,56],"product_tag":[],"class_list":{"0":"post-1353","1":"product","2":"type-product","3":"status-publish","4":"has-post-thumbnail","6":"product_cat-cojines-de-gel","7":"product_cat-gel-clasico-linea-dolphin-relax","9":"first","10":"instock","11":"taxable","12":"shipping-taxable","13":"purchasable","14":"product-type-simple"},"_links":{"self":[{"href":"https:\/\/www.kalarelax.com\/web\/wp-json\/wp\/v2\/product\/1353","targetHints":{"allow":["GET"]}}],"collection":[{"href":"https:\/\/www.kalarelax.com\/web\/wp-json\/wp\/v2\/product"}],"about":[{"href":"https:\/\/www.kalarelax.com\/web\/wp-json\/wp\/v2\/types\/product"}],"replies":[{"embeddable":true,"href":"https:\/\/www.kalarelax.com\/web\/wp-json\/wp\/v2\/comments?post=1353"}],"version-history":[{"count":4,"href":"https:\/\/www.kalarelax.com\/web\/wp-json\/wp\/v2\/product\/1353\/revisions"}],"predecessor-version":[{"id":9884,"href":"https:\/\/www.kalarelax.com\/web\/wp-json\/wp\/v2\/product\/1353\/revisions\/9884"}],"wp:featuredmedia":[{"embeddable":true,"href":"https:\/\/www.kalarelax.com\/web\/wp-json\/wp\/v2\/media\/1355"}],"wp:attachment":[{"href":"https:\/\/www.kalarelax.com\/web\/wp-json\/wp\/v2\/media?parent=1353"}],"wp:term":[{"taxonomy":"product_cat","embeddable":true,"href":"https:\/\/www.kalarelax.com\/web\/wp-json\/wp\/v2\/product_cat?post=1353"},{"taxonomy":"product_tag","embeddable":true,"href":"https:\/\/www.kalarelax.com\/web\/wp-json\/wp\/v2\/product_tag?post=1353"}],"curies":[{"name":"wp","href":"https:\/\/api.w.org\/{rel}","templated":true}]}}