{"id":1212,"date":"2021-09-16T05:11:26","date_gmt":"2021-09-16T05:11:26","guid":{"rendered":"https:\/\/www.kalarelax.com\/web\/?post_type=product&#038;p=1212"},"modified":"2025-02-10T21:02:30","modified_gmt":"2025-02-10T21:02:30","slug":"cuadrete-de-gel-acolchado","status":"publish","type":"product","link":"https:\/\/www.kalarelax.com\/web\/producto\/cuadrete-de-gel-acolchado\/","title":{"rendered":"Cuadrete de Gel Acolchado"},"content":{"rendered":"<ul>\n<li><span data-sheets-value=\"{&quot;1&quot;:2,&quot;2&quot;:&quot;Asiento cuadrado de gel terap\u00e9utico que brinda comodidad, as\u00ed como prevenci\u00f3n y alivio de lesiones e inflaciones como por ejemplo hemorroides, f\u00edstulas o mala circulaci\u00f3n.&quot;}\" data-sheets-userformat=\"{&quot;2&quot;:17401,&quot;3&quot;:{&quot;1&quot;:0},&quot;6&quot;:{&quot;1&quot;:[{&quot;1&quot;:2,&quot;2&quot;:0,&quot;5&quot;:{&quot;1&quot;:2,&quot;2&quot;:0}},{&quot;1&quot;:0,&quot;2&quot;:0,&quot;3&quot;:3},{&quot;1&quot;:1,&quot;2&quot;:0,&quot;4&quot;:1}]},&quot;7&quot;:{&quot;1&quot;:[{&quot;1&quot;:2,&quot;2&quot;:0,&quot;5&quot;:{&quot;1&quot;:2,&quot;2&quot;:0}},{&quot;1&quot;:0,&quot;2&quot;:0,&quot;3&quot;:3},{&quot;1&quot;:1,&quot;2&quot;:0,&quot;4&quot;:1}]},&quot;8&quot;:{&quot;1&quot;:[{&quot;1&quot;:2,&quot;2&quot;:0,&quot;5&quot;:{&quot;1&quot;:2,&quot;2&quot;:0}},{&quot;1&quot;:0,&quot;2&quot;:0,&quot;3&quot;:3},{&quot;1&quot;:1,&quot;2&quot;:0,&quot;4&quot;:1}]},&quot;9&quot;:1,&quot;10&quot;:1,&quot;11&quot;:4,&quot;12&quot;:0,&quot;17&quot;:1}\">Asiento cuadrado de gel terap\u00e9utico en funda de PVC\u00a0 con espuma por uno de los lados.<\/span><\/li>\n<li><span data-sheets-value=\"{&quot;1&quot;:2,&quot;2&quot;:&quot;Asiento cuadrado de gel terap\u00e9utico que brinda comodidad, as\u00ed como prevenci\u00f3n y alivio de lesiones e inflaciones como por ejemplo hemorroides, f\u00edstulas o mala circulaci\u00f3n.&quot;}\" data-sheets-userformat=\"{&quot;2&quot;:17401,&quot;3&quot;:{&quot;1&quot;:0},&quot;6&quot;:{&quot;1&quot;:[{&quot;1&quot;:2,&quot;2&quot;:0,&quot;5&quot;:{&quot;1&quot;:2,&quot;2&quot;:0}},{&quot;1&quot;:0,&quot;2&quot;:0,&quot;3&quot;:3},{&quot;1&quot;:1,&quot;2&quot;:0,&quot;4&quot;:1}]},&quot;7&quot;:{&quot;1&quot;:[{&quot;1&quot;:2,&quot;2&quot;:0,&quot;5&quot;:{&quot;1&quot;:2,&quot;2&quot;:0}},{&quot;1&quot;:0,&quot;2&quot;:0,&quot;3&quot;:3},{&quot;1&quot;:1,&quot;2&quot;:0,&quot;4&quot;:1}]},&quot;8&quot;:{&quot;1&quot;:[{&quot;1&quot;:2,&quot;2&quot;:0,&quot;5&quot;:{&quot;1&quot;:2,&quot;2&quot;:0}},{&quot;1&quot;:0,&quot;2&quot;:0,&quot;3&quot;:3},{&quot;1&quot;:1,&quot;2&quot;:0,&quot;4&quot;:1}]},&quot;9&quot;:1,&quot;10&quot;:1,&quot;11&quot;:4,&quot;12&quot;:0,&quot;17&quot;:1}\">Prevenci\u00f3n y alivio de lesiones e inflaciones, como por ejemplo:<\/span>\n<ul>\n<li><span data-sheets-value=\"{&quot;1&quot;:2,&quot;2&quot;:&quot;Asiento cuadrado de gel terap\u00e9utico que brinda comodidad, as\u00ed como prevenci\u00f3n y alivio de lesiones e inflaciones como por ejemplo hemorroides, f\u00edstulas o mala circulaci\u00f3n.&quot;}\" data-sheets-userformat=\"{&quot;2&quot;:17401,&quot;3&quot;:{&quot;1&quot;:0},&quot;6&quot;:{&quot;1&quot;:[{&quot;1&quot;:2,&quot;2&quot;:0,&quot;5&quot;:{&quot;1&quot;:2,&quot;2&quot;:0}},{&quot;1&quot;:0,&quot;2&quot;:0,&quot;3&quot;:3},{&quot;1&quot;:1,&quot;2&quot;:0,&quot;4&quot;:1}]},&quot;7&quot;:{&quot;1&quot;:[{&quot;1&quot;:2,&quot;2&quot;:0,&quot;5&quot;:{&quot;1&quot;:2,&quot;2&quot;:0}},{&quot;1&quot;:0,&quot;2&quot;:0,&quot;3&quot;:3},{&quot;1&quot;:1,&quot;2&quot;:0,&quot;4&quot;:1}]},&quot;8&quot;:{&quot;1&quot;:[{&quot;1&quot;:2,&quot;2&quot;:0,&quot;5&quot;:{&quot;1&quot;:2,&quot;2&quot;:0}},{&quot;1&quot;:0,&quot;2&quot;:0,&quot;3&quot;:3},{&quot;1&quot;:1,&quot;2&quot;:0,&quot;4&quot;:1}]},&quot;9&quot;:1,&quot;10&quot;:1,&quot;11&quot;:4,&quot;12&quot;:0,&quot;17&quot;:1}\">Hemorroides, f\u00edstulas o mala circulaci\u00f3n.<\/span><\/li>\n<\/ul>\n<\/li>\n<li>Con orificio en el centro que deja un \u00e1rea de desfogue de aprox. 12 cm. de di\u00e1metro.<\/li>\n<li>Ideal para usarse durante el proceso curativo de escaras.<\/li>\n<li>Por uno de los lados es menos fr\u00edo al tacto por el efecto aislante de la espuma.<\/li>\n<\/ul>\n","protected":false},"excerpt":{"rendered":"<p>Asiento cuadrado de gel terap\u00e9utico en funda de PVC\u00a0 con espuma por uno de los lados. Prevenci\u00f3n y alivio de<\/p>\n","protected":false},"featured_media":1199,"comment_status":"open","ping_status":"closed","template":"","meta":[],"product_cat":[138,56],"product_tag":[],"class_list":{"0":"post-1212","1":"product","2":"type-product","3":"status-publish","4":"has-post-thumbnail","6":"product_cat-cojines-de-gel","7":"product_cat-gel-clasico-linea-dolphin-relax","9":"first","10":"instock","11":"taxable","12":"shipping-taxable","13":"purchasable","14":"product-type-simple"},"_links":{"self":[{"href":"https:\/\/www.kalarelax.com\/web\/wp-json\/wp\/v2\/product\/1212","targetHints":{"allow":["GET"]}}],"collection":[{"href":"https:\/\/www.kalarelax.com\/web\/wp-json\/wp\/v2\/product"}],"about":[{"href":"https:\/\/www.kalarelax.com\/web\/wp-json\/wp\/v2\/types\/product"}],"replies":[{"embeddable":true,"href":"https:\/\/www.kalarelax.com\/web\/wp-json\/wp\/v2\/comments?post=1212"}],"version-history":[{"count":4,"href":"https:\/\/www.kalarelax.com\/web\/wp-json\/wp\/v2\/product\/1212\/revisions"}],"predecessor-version":[{"id":9880,"href":"https:\/\/www.kalarelax.com\/web\/wp-json\/wp\/v2\/product\/1212\/revisions\/9880"}],"wp:featuredmedia":[{"embeddable":true,"href":"https:\/\/www.kalarelax.com\/web\/wp-json\/wp\/v2\/media\/1199"}],"wp:attachment":[{"href":"https:\/\/www.kalarelax.com\/web\/wp-json\/wp\/v2\/media?parent=1212"}],"wp:term":[{"taxonomy":"product_cat","embeddable":true,"href":"https:\/\/www.kalarelax.com\/web\/wp-json\/wp\/v2\/product_cat?post=1212"},{"taxonomy":"product_tag","embeddable":true,"href":"https:\/\/www.kalarelax.com\/web\/wp-json\/wp\/v2\/product_tag?post=1212"}],"curies":[{"name":"wp","href":"https:\/\/api.w.org\/{rel}","templated":true}]}}