{"id":1205,"date":"2021-09-16T04:39:44","date_gmt":"2021-09-16T04:39:44","guid":{"rendered":"https:\/\/www.kalarelax.com\/web\/?post_type=product&#038;p=1205"},"modified":"2025-06-26T13:43:22","modified_gmt":"2025-06-26T13:43:22","slug":"rodete-de-gel-acolchado","status":"publish","type":"product","link":"https:\/\/www.kalarelax.com\/web\/producto\/rodete-de-gel-acolchado\/","title":{"rendered":"Rodete de Gel Acolchado"},"content":{"rendered":"<ul>\n<li><span data-sheets-value=\"{&quot;1&quot;:2,&quot;2&quot;:&quot;Asiento redondo de gel terapeutico en funda de pvc antimic\u00f3tico con espuma pvc de alta densidad por una de los lados. Ayuda a prevenir y aliviar lesiones lesiones e inflamaciones como por ejemplo hemorroides, f\u00edstulas o mala circulaci\u00f3n. Con orificio en el centro que deja un \u00e1rea de desfogue de aprox. 15cm de di\u00e1metro. Ideal para usarse durante el proceso curativo de escaras. Por uno de los lados es menos fr\u00edo al tacto por el efecto aislante de la espuma y es mas liviano.&quot;}\" data-sheets-userformat=\"{&quot;2&quot;:7165,&quot;3&quot;:{&quot;1&quot;:0},&quot;5&quot;:{&quot;1&quot;:[{&quot;1&quot;:2,&quot;2&quot;:0,&quot;5&quot;:{&quot;1&quot;:2,&quot;2&quot;:0}},{&quot;1&quot;:0,&quot;2&quot;:0,&quot;3&quot;:3},{&quot;1&quot;:1,&quot;2&quot;:0,&quot;4&quot;:1}]},&quot;6&quot;:{&quot;1&quot;:[{&quot;1&quot;:2,&quot;2&quot;:0,&quot;5&quot;:{&quot;1&quot;:2,&quot;2&quot;:0}},{&quot;1&quot;:0,&quot;2&quot;:0,&quot;3&quot;:3},{&quot;1&quot;:1,&quot;2&quot;:0,&quot;4&quot;:1}]},&quot;7&quot;:{&quot;1&quot;:[{&quot;1&quot;:2,&quot;2&quot;:0,&quot;5&quot;:{&quot;1&quot;:2,&quot;2&quot;:0}},{&quot;1&quot;:0,&quot;2&quot;:0,&quot;3&quot;:3},{&quot;1&quot;:1,&quot;2&quot;:0,&quot;4&quot;:1}]},&quot;8&quot;:{&quot;1&quot;:[{&quot;1&quot;:2,&quot;2&quot;:0,&quot;5&quot;:{&quot;1&quot;:2,&quot;2&quot;:0}},{&quot;1&quot;:0,&quot;2&quot;:0,&quot;3&quot;:3},{&quot;1&quot;:1,&quot;2&quot;:0,&quot;4&quot;:1}]},&quot;9&quot;:0,&quot;10&quot;:0,&quot;11&quot;:4,&quot;12&quot;:0,&quot;14&quot;:{&quot;1&quot;:2,&quot;2&quot;:0},&quot;15&quot;:&quot;Arial, sans-serif&quot;}\">Asiento redondo de gel terap\u00e9utico en funda de PVC\u00a0 con espuma por una de los lados.<\/span><\/li>\n<li><span data-sheets-value=\"{&quot;1&quot;:2,&quot;2&quot;:&quot;45cm de di\u00e1metro Aprox.&quot;}\" data-sheets-userformat=\"{&quot;2&quot;:17407,&quot;3&quot;:{&quot;1&quot;:0},&quot;4&quot;:{&quot;1&quot;:2,&quot;2&quot;:16776960},&quot;5&quot;:{&quot;1&quot;:[{&quot;1&quot;:2,&quot;2&quot;:0,&quot;5&quot;:{&quot;1&quot;:2,&quot;2&quot;:0}},{&quot;1&quot;:0,&quot;2&quot;:0,&quot;3&quot;:3},{&quot;1&quot;:1,&quot;2&quot;:0,&quot;4&quot;:1}]},&quot;6&quot;:{&quot;1&quot;:[{&quot;1&quot;:2,&quot;2&quot;:0,&quot;5&quot;:{&quot;1&quot;:2,&quot;2&quot;:0}},{&quot;1&quot;:0,&quot;2&quot;:0,&quot;3&quot;:3},{&quot;1&quot;:1,&quot;2&quot;:0,&quot;4&quot;:1}]},&quot;7&quot;:{&quot;1&quot;:[{&quot;1&quot;:2,&quot;2&quot;:0,&quot;5&quot;:{&quot;1&quot;:2,&quot;2&quot;:0}},{&quot;1&quot;:0,&quot;2&quot;:0,&quot;3&quot;:3},{&quot;1&quot;:1,&quot;2&quot;:0,&quot;4&quot;:1}]},&quot;8&quot;:{&quot;1&quot;:[{&quot;1&quot;:2,&quot;2&quot;:0,&quot;5&quot;:{&quot;1&quot;:2,&quot;2&quot;:0}},{&quot;1&quot;:0,&quot;2&quot;:0,&quot;3&quot;:3},{&quot;1&quot;:1,&quot;2&quot;:0,&quot;4&quot;:1}]},&quot;9&quot;:1,&quot;10&quot;:1,&quot;11&quot;:4,&quot;12&quot;:0,&quot;17&quot;:1}\">45 cm. de di\u00e1metro aprox.<\/span><\/li>\n<li><span data-sheets-value=\"{&quot;1&quot;:2,&quot;2&quot;:&quot;Asiento redondo de gel terapeutico en funda de pvc antimic\u00f3tico con espuma pvc de alta densidad por una de los lados. Ayuda a prevenir y aliviar lesiones lesiones e inflamaciones como por ejemplo hemorroides, f\u00edstulas o mala circulaci\u00f3n. Con orificio en el centro que deja un \u00e1rea de desfogue de aprox. 15cm de di\u00e1metro. Ideal para usarse durante el proceso curativo de escaras. Por uno de los lados es menos fr\u00edo al tacto por el efecto aislante de la espuma y es mas liviano.&quot;}\" data-sheets-userformat=\"{&quot;2&quot;:7165,&quot;3&quot;:{&quot;1&quot;:0},&quot;5&quot;:{&quot;1&quot;:[{&quot;1&quot;:2,&quot;2&quot;:0,&quot;5&quot;:{&quot;1&quot;:2,&quot;2&quot;:0}},{&quot;1&quot;:0,&quot;2&quot;:0,&quot;3&quot;:3},{&quot;1&quot;:1,&quot;2&quot;:0,&quot;4&quot;:1}]},&quot;6&quot;:{&quot;1&quot;:[{&quot;1&quot;:2,&quot;2&quot;:0,&quot;5&quot;:{&quot;1&quot;:2,&quot;2&quot;:0}},{&quot;1&quot;:0,&quot;2&quot;:0,&quot;3&quot;:3},{&quot;1&quot;:1,&quot;2&quot;:0,&quot;4&quot;:1}]},&quot;7&quot;:{&quot;1&quot;:[{&quot;1&quot;:2,&quot;2&quot;:0,&quot;5&quot;:{&quot;1&quot;:2,&quot;2&quot;:0}},{&quot;1&quot;:0,&quot;2&quot;:0,&quot;3&quot;:3},{&quot;1&quot;:1,&quot;2&quot;:0,&quot;4&quot;:1}]},&quot;8&quot;:{&quot;1&quot;:[{&quot;1&quot;:2,&quot;2&quot;:0,&quot;5&quot;:{&quot;1&quot;:2,&quot;2&quot;:0}},{&quot;1&quot;:0,&quot;2&quot;:0,&quot;3&quot;:3},{&quot;1&quot;:1,&quot;2&quot;:0,&quot;4&quot;:1}]},&quot;9&quot;:0,&quot;10&quot;:0,&quot;11&quot;:4,&quot;12&quot;:0,&quot;14&quot;:{&quot;1&quot;:2,&quot;2&quot;:0},&quot;15&quot;:&quot;Arial, sans-serif&quot;}\">Ayuda a prevenir y aliviar lesiones lesiones e inflamaciones como por ejemplo:<\/span>\n<ul>\n<li><span data-sheets-value=\"{&quot;1&quot;:2,&quot;2&quot;:&quot;Asiento redondo de gel terapeutico en funda de pvc antimic\u00f3tico con espuma pvc de alta densidad por una de los lados. Ayuda a prevenir y aliviar lesiones lesiones e inflamaciones como por ejemplo hemorroides, f\u00edstulas o mala circulaci\u00f3n. Con orificio en el centro que deja un \u00e1rea de desfogue de aprox. 15cm de di\u00e1metro. Ideal para usarse durante el proceso curativo de escaras. Por uno de los lados es menos fr\u00edo al tacto por el efecto aislante de la espuma y es mas liviano.&quot;}\" data-sheets-userformat=\"{&quot;2&quot;:7165,&quot;3&quot;:{&quot;1&quot;:0},&quot;5&quot;:{&quot;1&quot;:[{&quot;1&quot;:2,&quot;2&quot;:0,&quot;5&quot;:{&quot;1&quot;:2,&quot;2&quot;:0}},{&quot;1&quot;:0,&quot;2&quot;:0,&quot;3&quot;:3},{&quot;1&quot;:1,&quot;2&quot;:0,&quot;4&quot;:1}]},&quot;6&quot;:{&quot;1&quot;:[{&quot;1&quot;:2,&quot;2&quot;:0,&quot;5&quot;:{&quot;1&quot;:2,&quot;2&quot;:0}},{&quot;1&quot;:0,&quot;2&quot;:0,&quot;3&quot;:3},{&quot;1&quot;:1,&quot;2&quot;:0,&quot;4&quot;:1}]},&quot;7&quot;:{&quot;1&quot;:[{&quot;1&quot;:2,&quot;2&quot;:0,&quot;5&quot;:{&quot;1&quot;:2,&quot;2&quot;:0}},{&quot;1&quot;:0,&quot;2&quot;:0,&quot;3&quot;:3},{&quot;1&quot;:1,&quot;2&quot;:0,&quot;4&quot;:1}]},&quot;8&quot;:{&quot;1&quot;:[{&quot;1&quot;:2,&quot;2&quot;:0,&quot;5&quot;:{&quot;1&quot;:2,&quot;2&quot;:0}},{&quot;1&quot;:0,&quot;2&quot;:0,&quot;3&quot;:3},{&quot;1&quot;:1,&quot;2&quot;:0,&quot;4&quot;:1}]},&quot;9&quot;:0,&quot;10&quot;:0,&quot;11&quot;:4,&quot;12&quot;:0,&quot;14&quot;:{&quot;1&quot;:2,&quot;2&quot;:0},&quot;15&quot;:&quot;Arial, sans-serif&quot;}\">Hemorroides, f\u00edstulas o mala circulaci\u00f3n. <\/span><\/li>\n<\/ul>\n<\/li>\n<li><span data-sheets-value=\"{&quot;1&quot;:2,&quot;2&quot;:&quot;Asiento redondo de gel terapeutico en funda de pvc antimic\u00f3tico con espuma pvc de alta densidad por una de los lados. Ayuda a prevenir y aliviar lesiones lesiones e inflamaciones como por ejemplo hemorroides, f\u00edstulas o mala circulaci\u00f3n. Con orificio en el centro que deja un \u00e1rea de desfogue de aprox. 15cm de di\u00e1metro. Ideal para usarse durante el proceso curativo de escaras. Por uno de los lados es menos fr\u00edo al tacto por el efecto aislante de la espuma y es mas liviano.&quot;}\" data-sheets-userformat=\"{&quot;2&quot;:7165,&quot;3&quot;:{&quot;1&quot;:0},&quot;5&quot;:{&quot;1&quot;:[{&quot;1&quot;:2,&quot;2&quot;:0,&quot;5&quot;:{&quot;1&quot;:2,&quot;2&quot;:0}},{&quot;1&quot;:0,&quot;2&quot;:0,&quot;3&quot;:3},{&quot;1&quot;:1,&quot;2&quot;:0,&quot;4&quot;:1}]},&quot;6&quot;:{&quot;1&quot;:[{&quot;1&quot;:2,&quot;2&quot;:0,&quot;5&quot;:{&quot;1&quot;:2,&quot;2&quot;:0}},{&quot;1&quot;:0,&quot;2&quot;:0,&quot;3&quot;:3},{&quot;1&quot;:1,&quot;2&quot;:0,&quot;4&quot;:1}]},&quot;7&quot;:{&quot;1&quot;:[{&quot;1&quot;:2,&quot;2&quot;:0,&quot;5&quot;:{&quot;1&quot;:2,&quot;2&quot;:0}},{&quot;1&quot;:0,&quot;2&quot;:0,&quot;3&quot;:3},{&quot;1&quot;:1,&quot;2&quot;:0,&quot;4&quot;:1}]},&quot;8&quot;:{&quot;1&quot;:[{&quot;1&quot;:2,&quot;2&quot;:0,&quot;5&quot;:{&quot;1&quot;:2,&quot;2&quot;:0}},{&quot;1&quot;:0,&quot;2&quot;:0,&quot;3&quot;:3},{&quot;1&quot;:1,&quot;2&quot;:0,&quot;4&quot;:1}]},&quot;9&quot;:0,&quot;10&quot;:0,&quot;11&quot;:4,&quot;12&quot;:0,&quot;14&quot;:{&quot;1&quot;:2,&quot;2&quot;:0},&quot;15&quot;:&quot;Arial, sans-serif&quot;}\">Con orificio en el centro que deja un \u00e1rea de desfogue de aprox. 15 cm. de di\u00e1metro. <\/span><\/li>\n<li><span data-sheets-value=\"{&quot;1&quot;:2,&quot;2&quot;:&quot;Asiento redondo de gel terapeutico en funda de pvc antimic\u00f3tico con espuma pvc de alta densidad por una de los lados. Ayuda a prevenir y aliviar lesiones lesiones e inflamaciones como por ejemplo hemorroides, f\u00edstulas o mala circulaci\u00f3n. Con orificio en el centro que deja un \u00e1rea de desfogue de aprox. 15cm de di\u00e1metro. Ideal para usarse durante el proceso curativo de escaras. Por uno de los lados es menos fr\u00edo al tacto por el efecto aislante de la espuma y es mas liviano.&quot;}\" data-sheets-userformat=\"{&quot;2&quot;:7165,&quot;3&quot;:{&quot;1&quot;:0},&quot;5&quot;:{&quot;1&quot;:[{&quot;1&quot;:2,&quot;2&quot;:0,&quot;5&quot;:{&quot;1&quot;:2,&quot;2&quot;:0}},{&quot;1&quot;:0,&quot;2&quot;:0,&quot;3&quot;:3},{&quot;1&quot;:1,&quot;2&quot;:0,&quot;4&quot;:1}]},&quot;6&quot;:{&quot;1&quot;:[{&quot;1&quot;:2,&quot;2&quot;:0,&quot;5&quot;:{&quot;1&quot;:2,&quot;2&quot;:0}},{&quot;1&quot;:0,&quot;2&quot;:0,&quot;3&quot;:3},{&quot;1&quot;:1,&quot;2&quot;:0,&quot;4&quot;:1}]},&quot;7&quot;:{&quot;1&quot;:[{&quot;1&quot;:2,&quot;2&quot;:0,&quot;5&quot;:{&quot;1&quot;:2,&quot;2&quot;:0}},{&quot;1&quot;:0,&quot;2&quot;:0,&quot;3&quot;:3},{&quot;1&quot;:1,&quot;2&quot;:0,&quot;4&quot;:1}]},&quot;8&quot;:{&quot;1&quot;:[{&quot;1&quot;:2,&quot;2&quot;:0,&quot;5&quot;:{&quot;1&quot;:2,&quot;2&quot;:0}},{&quot;1&quot;:0,&quot;2&quot;:0,&quot;3&quot;:3},{&quot;1&quot;:1,&quot;2&quot;:0,&quot;4&quot;:1}]},&quot;9&quot;:0,&quot;10&quot;:0,&quot;11&quot;:4,&quot;12&quot;:0,&quot;14&quot;:{&quot;1&quot;:2,&quot;2&quot;:0},&quot;15&quot;:&quot;Arial, sans-serif&quot;}\">Ideal para usarse durante el proceso curativo de escaras. <\/span><\/li>\n<li><span data-sheets-value=\"{&quot;1&quot;:2,&quot;2&quot;:&quot;Asiento redondo de gel terapeutico en funda de pvc antimic\u00f3tico con espuma pvc de alta densidad por una de los lados. Ayuda a prevenir y aliviar lesiones lesiones e inflamaciones como por ejemplo hemorroides, f\u00edstulas o mala circulaci\u00f3n. Con orificio en el centro que deja un \u00e1rea de desfogue de aprox. 15cm de di\u00e1metro. Ideal para usarse durante el proceso curativo de escaras. Por uno de los lados es menos fr\u00edo al tacto por el efecto aislante de la espuma y es mas liviano.&quot;}\" data-sheets-userformat=\"{&quot;2&quot;:7165,&quot;3&quot;:{&quot;1&quot;:0},&quot;5&quot;:{&quot;1&quot;:[{&quot;1&quot;:2,&quot;2&quot;:0,&quot;5&quot;:{&quot;1&quot;:2,&quot;2&quot;:0}},{&quot;1&quot;:0,&quot;2&quot;:0,&quot;3&quot;:3},{&quot;1&quot;:1,&quot;2&quot;:0,&quot;4&quot;:1}]},&quot;6&quot;:{&quot;1&quot;:[{&quot;1&quot;:2,&quot;2&quot;:0,&quot;5&quot;:{&quot;1&quot;:2,&quot;2&quot;:0}},{&quot;1&quot;:0,&quot;2&quot;:0,&quot;3&quot;:3},{&quot;1&quot;:1,&quot;2&quot;:0,&quot;4&quot;:1}]},&quot;7&quot;:{&quot;1&quot;:[{&quot;1&quot;:2,&quot;2&quot;:0,&quot;5&quot;:{&quot;1&quot;:2,&quot;2&quot;:0}},{&quot;1&quot;:0,&quot;2&quot;:0,&quot;3&quot;:3},{&quot;1&quot;:1,&quot;2&quot;:0,&quot;4&quot;:1}]},&quot;8&quot;:{&quot;1&quot;:[{&quot;1&quot;:2,&quot;2&quot;:0,&quot;5&quot;:{&quot;1&quot;:2,&quot;2&quot;:0}},{&quot;1&quot;:0,&quot;2&quot;:0,&quot;3&quot;:3},{&quot;1&quot;:1,&quot;2&quot;:0,&quot;4&quot;:1}]},&quot;9&quot;:0,&quot;10&quot;:0,&quot;11&quot;:4,&quot;12&quot;:0,&quot;14&quot;:{&quot;1&quot;:2,&quot;2&quot;:0},&quot;15&quot;:&quot;Arial, sans-serif&quot;}\">Por uno de los lados es menos fr\u00edo al tacto por el efecto aislante de la espuma y es mas liviano.<\/span><\/li>\n<\/ul>\n","protected":false},"excerpt":{"rendered":"<p>Asiento redondo de gel terap\u00e9utico en funda de PVC\u00a0 con espuma por una de los lados. 45 cm. de di\u00e1metro<\/p>\n","protected":false},"featured_media":1201,"comment_status":"open","ping_status":"closed","template":"","meta":[],"product_cat":[138,56],"product_tag":[],"class_list":{"0":"post-1205","1":"product","2":"type-product","3":"status-publish","4":"has-post-thumbnail","6":"product_cat-cojines-de-gel","7":"product_cat-gel-clasico-linea-dolphin-relax","9":"first","10":"instock","11":"taxable","12":"shipping-taxable","13":"purchasable","14":"product-type-simple"},"_links":{"self":[{"href":"https:\/\/www.kalarelax.com\/web\/wp-json\/wp\/v2\/product\/1205","targetHints":{"allow":["GET"]}}],"collection":[{"href":"https:\/\/www.kalarelax.com\/web\/wp-json\/wp\/v2\/product"}],"about":[{"href":"https:\/\/www.kalarelax.com\/web\/wp-json\/wp\/v2\/types\/product"}],"replies":[{"embeddable":true,"href":"https:\/\/www.kalarelax.com\/web\/wp-json\/wp\/v2\/comments?post=1205"}],"version-history":[{"count":3,"href":"https:\/\/www.kalarelax.com\/web\/wp-json\/wp\/v2\/product\/1205\/revisions"}],"predecessor-version":[{"id":9890,"href":"https:\/\/www.kalarelax.com\/web\/wp-json\/wp\/v2\/product\/1205\/revisions\/9890"}],"wp:featuredmedia":[{"embeddable":true,"href":"https:\/\/www.kalarelax.com\/web\/wp-json\/wp\/v2\/media\/1201"}],"wp:attachment":[{"href":"https:\/\/www.kalarelax.com\/web\/wp-json\/wp\/v2\/media?parent=1205"}],"wp:term":[{"taxonomy":"product_cat","embeddable":true,"href":"https:\/\/www.kalarelax.com\/web\/wp-json\/wp\/v2\/product_cat?post=1205"},{"taxonomy":"product_tag","embeddable":true,"href":"https:\/\/www.kalarelax.com\/web\/wp-json\/wp\/v2\/product_tag?post=1205"}],"curies":[{"name":"wp","href":"https:\/\/api.w.org\/{rel}","templated":true}]}}